{"id":2399,"date":"2024-10-08T10:09:28","date_gmt":"2024-10-08T14:09:28","guid":{"rendered":"https:\/\/staging.viptransport.ca\/documents\/"},"modified":"2025-03-20T09:39:51","modified_gmt":"2025-03-20T13:39:51","slug":"documents","status":"publish","type":"page","link":"https:\/\/viptransport.ca\/en\/documents\/","title":{"rendered":"Documents"},"content":{"rendered":"\t\t<div data-elementor-type=\"wp-page\" data-elementor-id=\"2399\" class=\"elementor elementor-2399 elementor-1094\" data-elementor-post-type=\"page\">\n\t\t\t\t<div class=\"elementor-element elementor-element-7034ff1 e-con-full e-flex e-con e-parent\" data-id=\"7034ff1\" data-element_type=\"container\" data-settings=\"{&quot;background_background&quot;:&quot;classic&quot;}\">\n\t\t\t\t<div class=\"elementor-element elementor-element-20facd0 elementor-invisible elementor-widget elementor-widget-heading\" data-id=\"20facd0\" data-element_type=\"widget\" data-settings=\"{&quot;_animation&quot;:&quot;fadeInDown&quot;}\" data-widget_type=\"heading.default\">\n\t\t\t\t<div class=\"elementor-widget-container\">\n\t\t\t\t\t<h2 class=\"elementor-heading-title elementor-size-default\">VIP Transport<\/h2>\t\t\t\t<\/div>\n\t\t\t\t<\/div>\n\t\t\t\t<div class=\"elementor-element elementor-element-3c205ad elementor-invisible elementor-widget elementor-widget-heading\" data-id=\"3c205ad\" data-element_type=\"widget\" data-settings=\"{&quot;_animation&quot;:&quot;fadeInUp&quot;}\" data-widget_type=\"heading.default\">\n\t\t\t\t<div class=\"elementor-widget-container\">\n\t\t\t\t\t<h1 class=\"elementor-heading-title elementor-size-default\">Documents<\/h1>\t\t\t\t<\/div>\n\t\t\t\t<\/div>\n\t\t\t\t<\/div>\n\t\t<div class=\"elementor-element elementor-element-7ed9272 e-con-full e-flex e-con e-parent\" data-id=\"7ed9272\" data-element_type=\"container\" data-settings=\"{&quot;background_background&quot;:&quot;classic&quot;}\">\n\t\t<div class=\"elementor-element elementor-element-bf299eb e-con-full e-flex e-con e-child\" data-id=\"bf299eb\" data-element_type=\"container\">\n\t\t<div class=\"elementor-element elementor-element-c9bb796 e-con-full e-flex e-con e-child\" data-id=\"c9bb796\" data-element_type=\"container\">\n\t\t\t\t<div class=\"elementor-element elementor-element-766c778 elementor-widget elementor-widget-heading\" data-id=\"766c778\" data-element_type=\"widget\" data-widget_type=\"heading.default\">\n\t\t\t\t<div class=\"elementor-widget-container\">\n\t\t\t\t\t<h2 class=\"elementor-heading-title elementor-size-default\"><a href=\"#COMPTE\">Open an account<\/a><\/h2>\t\t\t\t<\/div>\n\t\t\t\t<\/div>\n\t\t\t\t<\/div>\n\t\t<div class=\"elementor-element elementor-element-991fe44 e-con-full e-flex e-con e-child\" data-id=\"991fe44\" data-element_type=\"container\">\n\t\t\t\t<div class=\"elementor-element elementor-element-0ab4cbc elementor-widget elementor-widget-heading\" data-id=\"0ab4cbc\" data-element_type=\"widget\" data-widget_type=\"heading.default\">\n\t\t\t\t<div class=\"elementor-widget-container\">\n\t\t\t\t\t<h2 class=\"elementor-heading-title elementor-size-default\"><a href=\"#SOUMISSION\">Request a quote<\/a><\/h2>\t\t\t\t<\/div>\n\t\t\t\t<\/div>\n\t\t\t\t<\/div>\n\t\t<div class=\"elementor-element elementor-element-4141b1a e-con-full e-flex e-con e-child\" data-id=\"4141b1a\" data-element_type=\"container\">\n\t\t\t\t<div class=\"elementor-element elementor-element-30c0b0f elementor-widget elementor-widget-heading\" data-id=\"30c0b0f\" data-element_type=\"widget\" data-widget_type=\"heading.default\">\n\t\t\t\t<div class=\"elementor-widget-container\">\n\t\t\t\t\t<h2 class=\"elementor-heading-title elementor-size-default\"><a href=\"#SOUMISSION\">Insurance certificate<\/a><\/h2>\t\t\t\t<\/div>\n\t\t\t\t<\/div>\n\t\t\t\t<\/div>\n\t\t\t\t<\/div>\n\t\t\t\t<\/div>\n\t\t<div class=\"elementor-element elementor-element-6acafe5 e-flex e-con-boxed e-con e-parent\" data-id=\"6acafe5\" data-element_type=\"container\">\n\t\t\t\t\t<div class=\"e-con-inner\">\n\t\t\t\t<div class=\"elementor-element elementor-element-fb903b9 elementor-invisible elementor-widget elementor-widget-heading\" data-id=\"fb903b9\" data-element_type=\"widget\" data-settings=\"{&quot;_animation&quot;:&quot;fadeInUp&quot;}\" data-widget_type=\"heading.default\">\n\t\t\t\t<div class=\"elementor-widget-container\">\n\t\t\t\t\t<h2 class=\"elementor-heading-title elementor-size-default\">Rely on expertise that<br>takes you further!<\/h2>\t\t\t\t<\/div>\n\t\t\t\t<\/div>\n\t\t\t\t<div class=\"elementor-element elementor-element-deb7fad elementor-widget elementor-widget-menu-anchor\" data-id=\"deb7fad\" data-element_type=\"widget\" data-widget_type=\"menu-anchor.default\">\n\t\t\t\t<div class=\"elementor-widget-container\">\n\t\t\t\t\t\t\t<div class=\"elementor-menu-anchor\" id=\"ACCOUNT\"><\/div>\n\t\t\t\t\t\t<\/div>\n\t\t\t\t<\/div>\n\t\t\t\t<div class=\"elementor-element elementor-element-ed43062 elementor-widget__width-initial elementor-widget elementor-widget-text-editor\" data-id=\"ed43062\" data-element_type=\"widget\" data-widget_type=\"text-editor.default\">\n\t\t\t\t<div class=\"elementor-widget-container\">\n\t\t\t\t\t\t\t\t\t<p>Create your account with VIP Transport to benefit from personalized services or to obtain a quote tailored to your needs, all in just a few clicks. You can also view our official certificate of liability insurance to learn more about our guarantees of safety and trust. <\/p>\n<p><strong>Your satisfaction is our destination!<\/strong><\/p>\n\t\t\t\t\t\t\t\t<\/div>\n\t\t\t\t<\/div>\n\t\t\t\t\t<\/div>\n\t\t\t\t<\/div>\n\t\t<div class=\"elementor-element elementor-element-1d18c90 e-flex e-con-boxed e-con e-parent\" data-id=\"1d18c90\" data-element_type=\"container\">\n\t\t\t\t\t<div class=\"e-con-inner\">\n\t\t\t\t<div class=\"elementor-element elementor-element-338ddbe elementor-widget elementor-widget-heading\" data-id=\"338ddbe\" data-element_type=\"widget\" data-widget_type=\"heading.default\">\n\t\t\t\t<div class=\"elementor-widget-container\">\n\t\t\t\t\t<h2 class=\"elementor-heading-title elementor-size-default\">Open an account<\/h2>\t\t\t\t<\/div>\n\t\t\t\t<\/div>\n\t\t<div class=\"elementor-element elementor-element-d8039a4 e-con-full e-flex e-con e-child\" data-id=\"d8039a4\" data-element_type=\"container\">\n\t\t<div class=\"elementor-element elementor-element-b9a76dd e-con-full e-flex e-con e-child\" data-id=\"b9a76dd\" data-element_type=\"container\" data-settings=\"{&quot;background_background&quot;:&quot;classic&quot;}\">\n\t\t\t\t<div class=\"elementor-element elementor-element-574485a elementor-widget elementor-widget-heading\" data-id=\"574485a\" data-element_type=\"widget\" data-widget_type=\"heading.default\">\n\t\t\t\t<div class=\"elementor-widget-container\">\n\t\t\t\t\t<h2 class=\"elementor-heading-title elementor-size-default\">PDF form<\/h2>\t\t\t\t<\/div>\n\t\t\t\t<\/div>\n\t\t\t\t<div class=\"elementor-element elementor-element-b003e9a elementor-widget elementor-widget-text-editor\" data-id=\"b003e9a\" data-element_type=\"widget\" data-widget_type=\"text-editor.default\">\n\t\t\t\t<div class=\"elementor-widget-container\">\n\t\t\t\t\t\t\t\t\t<p>Print out the PDF document, complete it and return it to us:<\/p>\n<p>Fax: +1 (514) 351-2626<\/p>\n<p>E-mail: recevables@viptransport.ca<\/p>\n\t\t\t\t\t\t\t\t<\/div>\n\t\t\t\t<\/div>\n\t\t\t\t<div class=\"elementor-element elementor-element-29db454 elementor-align-center elementor-widget elementor-widget-button\" data-id=\"29db454\" data-element_type=\"widget\" data-widget_type=\"button.default\">\n\t\t\t\t<div class=\"elementor-widget-container\">\n\t\t\t\t\t\t\t\t\t<div class=\"elementor-button-wrapper\">\n\t\t\t\t\t<a class=\"elementor-button elementor-button-link elementor-size-sm\" href=\"https:\/\/viptransport.ca\/wp-content\/uploads\/2024\/10\/VIP-Transport-Ouverture-de-compte.pdf\" target=\"_blank\">\n\t\t\t\t\t\t<span class=\"elementor-button-content-wrapper\">\n\t\t\t\t\t\t\t\t\t<span class=\"elementor-button-text\">Form<\/span>\n\t\t\t\t\t<\/span>\n\t\t\t\t\t<\/a>\n\t\t\t\t<\/div>\n\t\t\t\t\t\t\t\t<\/div>\n\t\t\t\t<\/div>\n\t\t\t\t<\/div>\n\t\t<div class=\"elementor-element elementor-element-5e35a39 e-con-full e-flex e-con e-child\" data-id=\"5e35a39\" data-element_type=\"container\" data-settings=\"{&quot;background_background&quot;:&quot;classic&quot;}\">\n\t\t\t\t<div class=\"elementor-element elementor-element-c46b196 elementor-widget elementor-widget-heading\" data-id=\"c46b196\" data-element_type=\"widget\" data-widget_type=\"heading.default\">\n\t\t\t\t<div class=\"elementor-widget-container\">\n\t\t\t\t\t<h2 class=\"elementor-heading-title elementor-size-default\">Online form<\/h2>\t\t\t\t<\/div>\n\t\t\t\t<\/div>\n\t\t\t\t<div class=\"elementor-element elementor-element-03dc9f6 elementor-widget elementor-widget-text-editor\" data-id=\"03dc9f6\" data-element_type=\"widget\" data-widget_type=\"text-editor.default\">\n\t\t\t\t<div class=\"elementor-widget-container\">\n\t\t\t\t\t\t\t\t\t<p>Don&#8217;t wait any longer, complete the online account opening form now.<\/p>\n<p>Once completed, forward it to our dedicated customer service team who will contact you.<\/p>\n\t\t\t\t\t\t\t\t<\/div>\n\t\t\t\t<\/div>\n\t\t\t\t<div class=\"elementor-element elementor-element-fd8459a elementor-widget elementor-widget-menu-anchor\" data-id=\"fd8459a\" data-element_type=\"widget\" data-widget_type=\"menu-anchor.default\">\n\t\t\t\t<div class=\"elementor-widget-container\">\n\t\t\t\t\t\t\t<div class=\"elementor-menu-anchor\" id=\"SUBMISSION\"><\/div>\n\t\t\t\t\t\t<\/div>\n\t\t\t\t<\/div>\n\t\t\t\t<div class=\"elementor-element elementor-element-3cdf24e elementor-align-center elementor-widget elementor-widget-button\" data-id=\"3cdf24e\" data-element_type=\"widget\" data-widget_type=\"button.default\">\n\t\t\t\t<div class=\"elementor-widget-container\">\n\t\t\t\t\t\t\t\t\t<div class=\"elementor-button-wrapper\">\n\t\t\t\t\t<a class=\"elementor-button elementor-button-link elementor-size-sm\" href=\"https:\/\/viptransport.ca\/en\/documents\/opening-an-account\/\">\n\t\t\t\t\t\t<span class=\"elementor-button-content-wrapper\">\n\t\t\t\t\t\t\t\t\t<span class=\"elementor-button-text\">Start<\/span>\n\t\t\t\t\t<\/span>\n\t\t\t\t\t<\/a>\n\t\t\t\t<\/div>\n\t\t\t\t\t\t\t\t<\/div>\n\t\t\t\t<\/div>\n\t\t\t\t<\/div>\n\t\t\t\t<\/div>\n\t\t\t\t\t<\/div>\n\t\t\t\t<\/div>\n\t\t<div class=\"elementor-element elementor-element-c0e92bf e-flex e-con-boxed e-con e-parent\" data-id=\"c0e92bf\" data-element_type=\"container\" data-settings=\"{&quot;background_background&quot;:&quot;classic&quot;}\">\n\t\t\t\t\t<div class=\"e-con-inner\">\n\t\t\t\t<div class=\"elementor-element elementor-element-ecf351a elementor-widget elementor-widget-heading\" data-id=\"ecf351a\" data-element_type=\"widget\" data-widget_type=\"heading.default\">\n\t\t\t\t<div class=\"elementor-widget-container\">\n\t\t\t\t\t<h2 class=\"elementor-heading-title elementor-size-default\">Our destination is your satisfaction<\/h2>\t\t\t\t<\/div>\n\t\t\t\t<\/div>\n\t\t\t\t\t<\/div>\n\t\t\t\t<\/div>\n\t\t<div class=\"elementor-element elementor-element-0c3550d e-flex e-con-boxed e-con e-parent\" data-id=\"0c3550d\" data-element_type=\"container\">\n\t\t\t\t\t<div class=\"e-con-inner\">\n\t\t\t\t<div class=\"elementor-element elementor-element-a44f03a elementor-widget elementor-widget-heading\" data-id=\"a44f03a\" data-element_type=\"widget\" data-widget_type=\"heading.default\">\n\t\t\t\t<div class=\"elementor-widget-container\">\n\t\t\t\t\t<h2 class=\"elementor-heading-title elementor-size-default\">Request a quote<\/h2>\t\t\t\t<\/div>\n\t\t\t\t<\/div>\n\t\t<div class=\"elementor-element elementor-element-b1b6cc3 e-con-full e-flex e-con e-child\" data-id=\"b1b6cc3\" data-element_type=\"container\">\n\t\t<div class=\"elementor-element elementor-element-37a87a4 e-con-full e-flex e-con e-child\" data-id=\"37a87a4\" data-element_type=\"container\" data-settings=\"{&quot;background_background&quot;:&quot;classic&quot;}\">\n\t\t\t\t<div class=\"elementor-element elementor-element-03dd930 elementor-widget elementor-widget-heading\" data-id=\"03dd930\" data-element_type=\"widget\" data-widget_type=\"heading.default\">\n\t\t\t\t<div class=\"elementor-widget-container\">\n\t\t\t\t\t<h2 class=\"elementor-heading-title elementor-size-default\">Ask for a quote!<\/h2>\t\t\t\t<\/div>\n\t\t\t\t<\/div>\n\t\t\t\t<div class=\"elementor-element elementor-element-a23e852 elementor-widget elementor-widget-text-editor\" data-id=\"a23e852\" data-element_type=\"widget\" data-widget_type=\"text-editor.default\">\n\t\t\t\t<div class=\"elementor-widget-container\">\n\t\t\t\t\t\t\t\t\t<p>Request a proposal today and find out how we can meet your specific transportation and delivery or warehousing needs.<\/p>\n\t\t\t\t\t\t\t\t<\/div>\n\t\t\t\t<\/div>\n\t\t\t\t<div class=\"elementor-element elementor-element-586339f elementor-align-center elementor-widget elementor-widget-button\" data-id=\"586339f\" data-element_type=\"widget\" data-widget_type=\"button.default\">\n\t\t\t\t<div class=\"elementor-widget-container\">\n\t\t\t\t\t\t\t\t\t<div class=\"elementor-button-wrapper\">\n\t\t\t\t\t<a class=\"elementor-button elementor-button-link elementor-size-sm\" href=\"https:\/\/viptransport.ca\/en\/documents\/request-a-quote\/\" target=\"_blank\">\n\t\t\t\t\t\t<span class=\"elementor-button-content-wrapper\">\n\t\t\t\t\t\t\t\t\t<span class=\"elementor-button-text\">Online form<\/span>\n\t\t\t\t\t<\/span>\n\t\t\t\t\t<\/a>\n\t\t\t\t<\/div>\n\t\t\t\t\t\t\t\t<\/div>\n\t\t\t\t<\/div>\n\t\t\t\t<\/div>\n\t\t<div class=\"elementor-element elementor-element-d15fd65 e-con-full e-flex e-con e-child\" data-id=\"d15fd65\" data-element_type=\"container\" data-settings=\"{&quot;background_background&quot;:&quot;classic&quot;}\">\n\t\t\t\t<div class=\"elementor-element elementor-element-d520fab elementor-widget elementor-widget-heading\" data-id=\"d520fab\" data-element_type=\"widget\" data-widget_type=\"heading.default\">\n\t\t\t\t<div class=\"elementor-widget-container\">\n\t\t\t\t\t<h2 class=\"elementor-heading-title elementor-size-default\">Insurance certificate<\/h2>\t\t\t\t<\/div>\n\t\t\t\t<\/div>\n\t\t\t\t<div class=\"elementor-element elementor-element-42df4e8 elementor-widget elementor-widget-text-editor\" data-id=\"42df4e8\" data-element_type=\"widget\" data-widget_type=\"text-editor.default\">\n\t\t\t\t<div class=\"elementor-widget-container\">\n\t\t\t\t\t\t\t\t\t<p>VIP Transport&#8217;s liability insurance certificate is just a click away! This insurance guarantees reliable coverage for all your transport and delivery needs. <\/p>\n\t\t\t\t\t\t\t\t<\/div>\n\t\t\t\t<\/div>\n\t\t\t\t<div class=\"elementor-element elementor-element-3b76d15 elementor-align-center elementor-widget elementor-widget-button\" data-id=\"3b76d15\" data-element_type=\"widget\" data-widget_type=\"button.default\">\n\t\t\t\t<div class=\"elementor-widget-container\">\n\t\t\t\t\t\t\t\t\t<div class=\"elementor-button-wrapper\">\n\t\t\t\t\t<a class=\"elementor-button elementor-button-link elementor-size-sm\" href=\"https:\/\/viptransport.ca\/wp-content\/uploads\/2025\/03\/Preuve-assurance-AQDD-VIP-Transport.pdf.pdf\" target=\"_blank\">\n\t\t\t\t\t\t<span class=\"elementor-button-content-wrapper\">\n\t\t\t\t\t\t\t\t\t<span class=\"elementor-button-text\">Click here<\/span>\n\t\t\t\t\t<\/span>\n\t\t\t\t\t<\/a>\n\t\t\t\t<\/div>\n\t\t\t\t\t\t\t\t<\/div>\n\t\t\t\t<\/div>\n\t\t\t\t<\/div>\n\t\t\t\t<\/div>\n\t\t\t\t\t<\/div>\n\t\t\t\t<\/div>\n\t\t<div class=\"elementor-element elementor-element-953a93f e-flex e-con-boxed e-con e-parent\" data-id=\"953a93f\" data-element_type=\"container\">\n\t\t\t\t\t<div class=\"e-con-inner\">\n\t\t\t\t<div class=\"elementor-element elementor-element-aca91dc elementor-widget elementor-widget-html\" data-id=\"aca91dc\" data-element_type=\"widget\" data-widget_type=\"html.default\">\n\t\t\t\t<div class=\"elementor-widget-container\">\n\t\t\t\t\t<div class=\"marquee\"><div>Blainville - Bois-des-Filion - Boisbriand - Deux-Montagnes - Lorraine - Mirabel - Oka - Pointe-Calumet - Rosem\u00e8re - Saint-Eustache - Saint-Joseph-du-Lac - Sainte-Anne-des-Plaines - Sainte-Marthe-sur-le-Lac - Sainte-Th\u00e9r\u00e8se - Charlemagne - L'Assomption - Mascouche - Repentigny - Saint-Sulpice - Terrebonne - Joliette - Lavaltrie - Beloeil - Boucherville - Brossard - Candiac - Carignan - Chambly - Ch\u00e2teauguay - Delson - Kahnawake - La Prairie - Longueuil - Greenfield Park - Saint-Hubert - Le Moyne - McMasterville - Mont-Saint-Hilaire - Otterburn Park - Richelieu - Saint-Amable - Saint-Basile-le-Grand - Saint-Bruno-de-Montarville - Saint-Constant - Saint-Isidore - Sainte-Julie - Sainte-Catherine - Saint-Lambert - Saint-Mathias-sur-Richelieu - Saint-Michel - Saint-Philippe - Varennes<\/div><\/div><style>.marquee {\n    display: inline-block;\n    width: 100%;\n    white-space: nowrap;\n    overflow: hidden;\n    box-sizing: border-box;\n  }\n\n  .marquee div {\n    display: inline-block;\n    padding-left: 100%;\n    animation: marquee 50s linear infinite;\n    text-transform: uppercase; \/* Met les lettres en majuscule *\/\n    font-size: 35px; \/* Change la taille du texte (ajustez selon vos besoins) *\/\n    color: #C42E0F; \/* Change la couleur du texte (ajustez selon vos besoins) *\/\n    font-family: 'Montserrat', sans-serif; \/* Change la police de caract\u00e8re (ajustez selon vos besoins) *\/\n    font-weight: 500; \/* Change l'\u00e9paisseur du texte (ajustez selon vos besoins) *\/\n  }\n\n  @keyframes marquee {\n    0% { transform: translate(0, 0); }\n    100% { transform: translate(-100%, 0); }\n  }\n<\/style>\t\t\t\t<\/div>\n\t\t\t\t<\/div>\n\t\t\t\t\t<\/div>\n\t\t\t\t<\/div>\n\t\t\t\t<\/div>\n\t\t","protected":false},"excerpt":{"rendered":"<p>VIP Transport Documents Open an account Request a quote Insurance certificate Rely on expertise thattakes you further! Create your account with VIP Transport to benefit from personalized services or to obtain a quote tailored to your needs, all in just a few clicks. You can also view our official certificate of liability insurance to learn [&hellip;]<\/p>\n","protected":false},"author":1,"featured_media":0,"parent":0,"menu_order":0,"comment_status":"closed","ping_status":"closed","template":"elementor_header_footer","meta":{"footnotes":""},"class_list":["post-2399","page","type-page","status-publish","hentry"],"yoast_head":"<!-- This site is optimized with the Yoast SEO plugin v24.7 - https:\/\/yoast.com\/wordpress\/plugins\/seo\/ -->\n<title>Documents - Staging VIP<\/title>\n<meta name=\"description\" content=\"Create an account, fill in the online form and trust us to deliver your goods. Give us a call!\" \/>\n<meta name=\"robots\" content=\"index, follow, max-snippet:-1, max-image-preview:large, max-video-preview:-1\" \/>\n<link rel=\"canonical\" href=\"https:\/\/viptransport.ca\/en\/documents\/\" \/>\n<meta property=\"og:locale\" content=\"en_US\" \/>\n<meta property=\"og:type\" content=\"article\" \/>\n<meta property=\"og:title\" content=\"Documents - Staging VIP\" \/>\n<meta property=\"og:description\" content=\"Create an account, fill in the online form and trust us to deliver your goods. Give us a call!\" \/>\n<meta property=\"og:url\" content=\"https:\/\/viptransport.ca\/en\/documents\/\" \/>\n<meta property=\"og:site_name\" content=\"Staging VIP\" \/>\n<meta property=\"article:modified_time\" content=\"2025-03-20T13:39:51+00:00\" \/>\n<meta name=\"twitter:card\" content=\"summary_large_image\" \/>\n<meta name=\"twitter:label1\" content=\"Est. reading time\" \/>\n\t<meta name=\"twitter:data1\" content=\"2 minutes\" \/>\n<script type=\"application\/ld+json\" class=\"yoast-schema-graph\">{\"@context\":\"https:\/\/schema.org\",\"@graph\":[{\"@type\":\"WebPage\",\"@id\":\"https:\/\/viptransport.ca\/en\/documents\/\",\"url\":\"https:\/\/viptransport.ca\/en\/documents\/\",\"name\":\"Documents - Staging VIP\",\"isPartOf\":{\"@id\":\"https:\/\/viptransport.ca\/en\/#website\"},\"datePublished\":\"2024-10-08T14:09:28+00:00\",\"dateModified\":\"2025-03-20T13:39:51+00:00\",\"description\":\"Create an account, fill in the online form and trust us to deliver your goods. Give us a call!\",\"breadcrumb\":{\"@id\":\"https:\/\/viptransport.ca\/en\/documents\/#breadcrumb\"},\"inLanguage\":\"en-CA\",\"potentialAction\":[{\"@type\":\"ReadAction\",\"target\":[\"https:\/\/viptransport.ca\/en\/documents\/\"]}]},{\"@type\":\"BreadcrumbList\",\"@id\":\"https:\/\/viptransport.ca\/en\/documents\/#breadcrumb\",\"itemListElement\":[{\"@type\":\"ListItem\",\"position\":1,\"name\":\"Home\",\"item\":\"https:\/\/viptransport.ca\/en\/\"},{\"@type\":\"ListItem\",\"position\":2,\"name\":\"Documents\"}]},{\"@type\":\"WebSite\",\"@id\":\"https:\/\/viptransport.ca\/en\/#website\",\"url\":\"https:\/\/viptransport.ca\/en\/\",\"name\":\"Staging VIP\",\"description\":\"Notre destination est votre satisfaction.\",\"publisher\":{\"@id\":\"https:\/\/viptransport.ca\/en\/#organization\"},\"potentialAction\":[{\"@type\":\"SearchAction\",\"target\":{\"@type\":\"EntryPoint\",\"urlTemplate\":\"https:\/\/viptransport.ca\/en\/?s={search_term_string}\"},\"query-input\":{\"@type\":\"PropertyValueSpecification\",\"valueRequired\":true,\"valueName\":\"search_term_string\"}}],\"inLanguage\":\"en-CA\"},{\"@type\":\"Organization\",\"@id\":\"https:\/\/viptransport.ca\/en\/#organization\",\"name\":\"Staging VIP\",\"url\":\"https:\/\/viptransport.ca\/en\/\",\"logo\":{\"@type\":\"ImageObject\",\"inLanguage\":\"en-CA\",\"@id\":\"https:\/\/viptransport.ca\/en\/#\/schema\/logo\/image\/\",\"url\":\"https:\/\/viptransport.ca\/wp-content\/uploads\/2024\/10\/VIP_logo_noir.png\",\"contentUrl\":\"https:\/\/viptransport.ca\/wp-content\/uploads\/2024\/10\/VIP_logo_noir.png\",\"width\":1200,\"height\":1050,\"caption\":\"Staging VIP\"},\"image\":{\"@id\":\"https:\/\/viptransport.ca\/en\/#\/schema\/logo\/image\/\"}}]}<\/script>\n<!-- \/ Yoast SEO plugin. -->","yoast_head_json":{"title":"Documents - Staging VIP","description":"Create an account, fill in the online form and trust us to deliver your goods. Give us a call!","robots":{"index":"index","follow":"follow","max-snippet":"max-snippet:-1","max-image-preview":"max-image-preview:large","max-video-preview":"max-video-preview:-1"},"canonical":"https:\/\/viptransport.ca\/en\/documents\/","og_locale":"en_US","og_type":"article","og_title":"Documents - Staging VIP","og_description":"Create an account, fill in the online form and trust us to deliver your goods. Give us a call!","og_url":"https:\/\/viptransport.ca\/en\/documents\/","og_site_name":"Staging VIP","article_modified_time":"2025-03-20T13:39:51+00:00","twitter_card":"summary_large_image","twitter_misc":{"Est. reading time":"2 minutes"},"schema":{"@context":"https:\/\/schema.org","@graph":[{"@type":"WebPage","@id":"https:\/\/viptransport.ca\/en\/documents\/","url":"https:\/\/viptransport.ca\/en\/documents\/","name":"Documents - Staging VIP","isPartOf":{"@id":"https:\/\/viptransport.ca\/en\/#website"},"datePublished":"2024-10-08T14:09:28+00:00","dateModified":"2025-03-20T13:39:51+00:00","description":"Create an account, fill in the online form and trust us to deliver your goods. Give us a call!","breadcrumb":{"@id":"https:\/\/viptransport.ca\/en\/documents\/#breadcrumb"},"inLanguage":"en-CA","potentialAction":[{"@type":"ReadAction","target":["https:\/\/viptransport.ca\/en\/documents\/"]}]},{"@type":"BreadcrumbList","@id":"https:\/\/viptransport.ca\/en\/documents\/#breadcrumb","itemListElement":[{"@type":"ListItem","position":1,"name":"Home","item":"https:\/\/viptransport.ca\/en\/"},{"@type":"ListItem","position":2,"name":"Documents"}]},{"@type":"WebSite","@id":"https:\/\/viptransport.ca\/en\/#website","url":"https:\/\/viptransport.ca\/en\/","name":"Staging VIP","description":"Notre destination est votre satisfaction.","publisher":{"@id":"https:\/\/viptransport.ca\/en\/#organization"},"potentialAction":[{"@type":"SearchAction","target":{"@type":"EntryPoint","urlTemplate":"https:\/\/viptransport.ca\/en\/?s={search_term_string}"},"query-input":{"@type":"PropertyValueSpecification","valueRequired":true,"valueName":"search_term_string"}}],"inLanguage":"en-CA"},{"@type":"Organization","@id":"https:\/\/viptransport.ca\/en\/#organization","name":"Staging VIP","url":"https:\/\/viptransport.ca\/en\/","logo":{"@type":"ImageObject","inLanguage":"en-CA","@id":"https:\/\/viptransport.ca\/en\/#\/schema\/logo\/image\/","url":"https:\/\/viptransport.ca\/wp-content\/uploads\/2024\/10\/VIP_logo_noir.png","contentUrl":"https:\/\/viptransport.ca\/wp-content\/uploads\/2024\/10\/VIP_logo_noir.png","width":1200,"height":1050,"caption":"Staging VIP"},"image":{"@id":"https:\/\/viptransport.ca\/en\/#\/schema\/logo\/image\/"}}]}},"_links":{"self":[{"href":"https:\/\/viptransport.ca\/en\/wp-json\/wp\/v2\/pages\/2399","targetHints":{"allow":["GET"]}}],"collection":[{"href":"https:\/\/viptransport.ca\/en\/wp-json\/wp\/v2\/pages"}],"about":[{"href":"https:\/\/viptransport.ca\/en\/wp-json\/wp\/v2\/types\/page"}],"author":[{"embeddable":true,"href":"https:\/\/viptransport.ca\/en\/wp-json\/wp\/v2\/users\/1"}],"replies":[{"embeddable":true,"href":"https:\/\/viptransport.ca\/en\/wp-json\/wp\/v2\/comments?post=2399"}],"version-history":[{"count":10,"href":"https:\/\/viptransport.ca\/en\/wp-json\/wp\/v2\/pages\/2399\/revisions"}],"predecessor-version":[{"id":2780,"href":"https:\/\/viptransport.ca\/en\/wp-json\/wp\/v2\/pages\/2399\/revisions\/2780"}],"wp:attachment":[{"href":"https:\/\/viptransport.ca\/en\/wp-json\/wp\/v2\/media?parent=2399"}],"curies":[{"name":"wp","href":"https:\/\/api.w.org\/{rel}","templated":true}]}}